{"id":764,"date":"2025-08-28T03:00:15","date_gmt":"2025-08-28T03:00:15","guid":{"rendered":"https:\/\/theai.vn\/?page_id=764"},"modified":"2025-09-12T04:10:28","modified_gmt":"2025-09-12T04:10:28","slug":"lien-he","status":"publish","type":"page","link":"https:\/\/theai.vn\/vi\/lien-he\/","title":{"rendered":"Li\u00ean h\u1ec7"},"content":{"rendered":"\t\t<div data-elementor-type=\"wp-page\" data-elementor-id=\"764\" class=\"elementor elementor-764\" data-elementor-post-type=\"page\">\n\t\t\t\t<div class=\"elementor-element elementor-element-350c3a37 e-flex e-con-boxed e-con e-parent\" data-id=\"350c3a37\" data-element_type=\"container\" data-settings=\"{&quot;background_background&quot;:&quot;classic&quot;,&quot;background_motion_fx_motion_fx_scrolling&quot;:&quot;yes&quot;,&quot;background_motion_fx_blur_effect&quot;:&quot;yes&quot;,&quot;background_motion_fx_blur_direction&quot;:&quot;in-out&quot;,&quot;background_motion_fx_blur_range&quot;:{&quot;unit&quot;:&quot;%&quot;,&quot;size&quot;:&quot;&quot;,&quot;sizes&quot;:{&quot;start&quot;:71,&quot;end&quot;:100}},&quot;background_motion_fx_scale_effect&quot;:&quot;yes&quot;,&quot;background_motion_fx_scale_speed&quot;:{&quot;unit&quot;:&quot;px&quot;,&quot;size&quot;:5,&quot;sizes&quot;:[]},&quot;background_motion_fx_scale_range&quot;:{&quot;unit&quot;:&quot;%&quot;,&quot;size&quot;:&quot;&quot;,&quot;sizes&quot;:{&quot;start&quot;:0,&quot;end&quot;:100}},&quot;background_motion_fx_blur_level&quot;:{&quot;unit&quot;:&quot;px&quot;,&quot;size&quot;:7,&quot;sizes&quot;:[]},&quot;background_motion_fx_scale_direction&quot;:&quot;out-in&quot;,&quot;background_motion_fx_devices&quot;:[&quot;desktop&quot;,&quot;tablet&quot;,&quot;mobile&quot;]}\">\n\t\t\t\t\t<div class=\"e-con-inner\">\n\t\t<div class=\"elementor-element elementor-element-7c4f4e75 e-con-full e-flex e-con e-child\" data-id=\"7c4f4e75\" data-element_type=\"container\">\n\t\t\t\t<div class=\"elementor-element elementor-element-0f97ae3 elementor-widget elementor-widget-heading\" data-id=\"0f97ae3\" data-element_type=\"widget\" data-widget_type=\"heading.default\">\n\t\t\t\t<div class=\"elementor-widget-container\">\n\t\t\t\t\t<h2 class=\"elementor-heading-title elementor-size-default\">Th\u00f4ng tin\n<br>\nli\u00ean h\u1ec7<\/h2>\t\t\t\t<\/div>\n\t\t\t\t<\/div>\n\t\t\t\t<div class=\"elementor-element elementor-element-5cf08506 elementor-widget elementor-widget-spacer\" data-id=\"5cf08506\" data-element_type=\"widget\" data-widget_type=\"spacer.default\">\n\t\t\t\t<div class=\"elementor-widget-container\">\n\t\t\t\t\t\t\t<div class=\"elementor-spacer\">\n\t\t\t<div class=\"elementor-spacer-inner\"><\/div>\n\t\t<\/div>\n\t\t\t\t\t\t<\/div>\n\t\t\t\t<\/div>\n\t\t\t\t<div class=\"elementor-element elementor-element-e37b2fe elementor-widget__width-initial elementor-widget elementor-widget-text-editor\" data-id=\"e37b2fe\" data-element_type=\"widget\" data-widget_type=\"text-editor.default\">\n\t\t\t\t<div class=\"elementor-widget-container\">\n\t\t\t\t\t\t\t\t\t<p>THE AI hu\u031b\u01a1\u0301ng t\u01a1\u0301i tr\u01a1\u0309 tha\u0300nh m\u1ecd\u0302t trong nh\u01b0\u0303ng \u0111o\u031bn vi\u0323 tu\u031b v\u00e2\u0301n va\u0300 pha\u0302n ph\u00f4\u0301i b\u00e2\u0301t \u0111\u1ecd\u0302ng sa\u0309n ha\u0300ng \u0111\u00e2\u0300u ta\u0323i Vi\u1eb9\u0302t Nam.<\/p>\t\t\t\t\t\t\t\t<\/div>\n\t\t\t\t<\/div>\n\t\t\t\t<\/div>\n\t\t<div class=\"elementor-element elementor-element-54c8bd0b e-con-full e-flex e-con e-child\" data-id=\"54c8bd0b\" data-element_type=\"container\">\n\t\t\t\t<div class=\"elementor-element elementor-element-379c7d44 elementor-widget elementor-widget-heading\" data-id=\"379c7d44\" data-element_type=\"widget\" data-widget_type=\"heading.default\">\n\t\t\t\t<div class=\"elementor-widget-container\">\n\t\t\t\t\t<h2 class=\"elementor-heading-title elementor-size-default\">G\u1eedi tin nh\u1eafn li\u00ean h\u1ec7<\/h2>\t\t\t\t<\/div>\n\t\t\t\t<\/div>\n\t\t\t\t<div class=\"elementor-element elementor-element-35c5b8ee elementor-widget elementor-widget-text-editor\" data-id=\"35c5b8ee\" data-element_type=\"widget\" data-widget_type=\"text-editor.default\">\n\t\t\t\t<div class=\"elementor-widget-container\">\n\t\t\t\t\t\t\t\t\t<p>\u0110\u1ed9i ng\u0169 chuy\u00ean gia s\u1eb5n s\u00e0ng h\u1ed7 tr\u1ee3 b\u1ea1n 24\/7.<\/p>\t\t\t\t\t\t\t\t<\/div>\n\t\t\t\t<\/div>\n\t\t\t\t<div class=\"elementor-element elementor-element-63d3a9d elementor-button-align-stretch elementor-widget elementor-widget-form\" data-id=\"63d3a9d\" data-element_type=\"widget\" data-settings=\"{&quot;step_next_label&quot;:&quot;Next&quot;,&quot;step_previous_label&quot;:&quot;Previous&quot;,&quot;button_width&quot;:&quot;100&quot;,&quot;step_type&quot;:&quot;number_text&quot;,&quot;step_icon_shape&quot;:&quot;circle&quot;}\" data-widget_type=\"form.default\">\n\t\t\t\t<div class=\"elementor-widget-container\">\n\t\t\t\t\t\t\t<form class=\"elementor-form\" method=\"post\" name=\"New Form\" aria-label=\"New Form\">\n\t\t\t<input type=\"hidden\" name=\"post_id\" value=\"764\"\/>\n\t\t\t<input type=\"hidden\" name=\"form_id\" value=\"63d3a9d\"\/>\n\t\t\t<input type=\"hidden\" name=\"referer_title\" value=\"Li\u00ean h\u1ec7 - The Ai\" \/>\n\n\t\t\t\t\t\t\t<input type=\"hidden\" name=\"queried_id\" value=\"764\"\/>\n\t\t\t\n\t\t\t<div class=\"elementor-form-fields-wrapper elementor-labels-above\">\n\t\t\t\t\t\t\t\t<div class=\"elementor-field-type-text elementor-field-group elementor-column elementor-field-group-name elementor-col-100\">\n\t\t\t\t\t\t\t\t\t\t\t\t<label for=\"form-field-name\" class=\"elementor-field-label\">\n\t\t\t\t\t\t\t\tName\t\t\t\t\t\t\t<\/label>\n\t\t\t\t\t\t\t\t\t\t\t\t\t\t<input size=\"1\" type=\"text\" name=\"form_fields[name]\" id=\"form-field-name\" class=\"elementor-field elementor-size-sm  elementor-field-textual\" placeholder=\"Name\">\n\t\t\t\t\t\t\t\t\t\t\t<\/div>\n\t\t\t\t\t\t\t\t<div class=\"elementor-field-type-email elementor-field-group elementor-column elementor-field-group-email elementor-col-100 elementor-field-required\">\n\t\t\t\t\t\t\t\t\t\t\t\t<label for=\"form-field-email\" class=\"elementor-field-label\">\n\t\t\t\t\t\t\t\tEmail\t\t\t\t\t\t\t<\/label>\n\t\t\t\t\t\t\t\t\t\t\t\t\t\t<input size=\"1\" type=\"email\" name=\"form_fields[email]\" id=\"form-field-email\" class=\"elementor-field elementor-size-sm  elementor-field-textual\" placeholder=\"Email\" required=\"required\">\n\t\t\t\t\t\t\t\t\t\t\t<\/div>\n\t\t\t\t\t\t\t\t<div class=\"elementor-field-type-textarea elementor-field-group elementor-column elementor-field-group-message elementor-col-100\">\n\t\t\t\t\t\t\t\t\t\t\t\t<label for=\"form-field-message\" class=\"elementor-field-label\">\n\t\t\t\t\t\t\t\tMessage\t\t\t\t\t\t\t<\/label>\n\t\t\t\t\t\t<textarea class=\"elementor-field-textual elementor-field  elementor-size-sm\" name=\"form_fields[message]\" id=\"form-field-message\" rows=\"4\" placeholder=\"Message\"><\/textarea>\t\t\t\t<\/div>\n\t\t\t\t\t\t\t\t<div class=\"elementor-field-group elementor-column elementor-field-type-submit elementor-col-100 e-form__buttons\">\n\t\t\t\t\t<button class=\"elementor-button elementor-size-sm\" type=\"submit\">\n\t\t\t\t\t\t<span class=\"elementor-button-content-wrapper\">\n\t\t\t\t\t\t\t\t\t\t\t\t\t\t\t\t\t\t\t\t\t\t<span class=\"elementor-button-text\">Send<\/span>\n\t\t\t\t\t\t\t\t\t\t\t\t\t<\/span>\n\t\t\t\t\t<\/button>\n\t\t\t\t<\/div>\n\t\t\t<\/div>\n\t\t<\/form>\n\t\t\t\t\t\t<\/div>\n\t\t\t\t<\/div>\n\t\t\t\t<\/div>\n\t\t<div class=\"elementor-element elementor-element-94d7264 e-con-full e-flex e-con e-child\" data-id=\"94d7264\" data-element_type=\"container\">\n\t\t<div class=\"elementor-element elementor-element-2dbb5c2d e-con-full e-flex e-con e-child\" data-id=\"2dbb5c2d\" data-element_type=\"container\">\n\t\t\t\t<div class=\"elementor-element elementor-element-5343a3e7 elementor-widget elementor-widget-heading\" data-id=\"5343a3e7\" data-element_type=\"widget\" data-widget_type=\"heading.default\">\n\t\t\t\t<div class=\"elementor-widget-container\">\n\t\t\t\t\t<h2 class=\"elementor-heading-title elementor-size-default\">Tr\u1ee5 s\u1edf<\/h2>\t\t\t\t<\/div>\n\t\t\t\t<\/div>\n\t\t\t\t<div class=\"elementor-element elementor-element-107111f elementor-widget elementor-widget-text-editor\" data-id=\"107111f\" data-element_type=\"widget\" data-widget_type=\"text-editor.default\">\n\t\t\t\t<div class=\"elementor-widget-container\">\n\t\t\t\t\t\t\t\t\t<ul class=\"elementor-icon-list-items\"><li class=\"elementor-icon-list-item\"><p class=\"p1\">37 \u0111\u01b0\u1eddng 12, Ph\u01b0\u1eddng B\u00ecnh Tr\u01b0ng, Th\u00e0nh ph\u1ed1 H\u1ed3 Ch\u00ed Minh, Vi\u1ec7t Nam<\/p><\/li><\/ul>\t\t\t\t\t\t\t\t<\/div>\n\t\t\t\t<\/div>\n\t\t\t\t<div class=\"elementor-element elementor-element-df84c94 elementor-icon-list--layout-traditional elementor-list-item-link-full_width elementor-widget elementor-widget-icon-list\" data-id=\"df84c94\" data-element_type=\"widget\" data-widget_type=\"icon-list.default\">\n\t\t\t\t<div class=\"elementor-widget-container\">\n\t\t\t\t\t\t\t<ul class=\"elementor-icon-list-items\">\n\t\t\t\t\t\t\t<li class=\"elementor-icon-list-item\">\n\t\t\t\t\t\t\t\t\t\t\t<a href=\"tel:%200934110550\">\n\n\t\t\t\t\t\t\t\t\t\t\t\t<span class=\"elementor-icon-list-icon\">\n\t\t\t\t\t\t\t<svg aria-hidden=\"true\" class=\"e-font-icon-svg e-fas-phone-alt\" viewBox=\"0 0 512 512\" xmlns=\"http:\/\/www.w3.org\/2000\/svg\"><path d=\"M497.39 361.8l-112-48a24 24 0 0 0-28 6.9l-49.6 60.6A370.66 370.66 0 0 1 130.6 204.11l60.6-49.6a23.94 23.94 0 0 0 6.9-28l-48-112A24.16 24.16 0 0 0 122.6.61l-104 24A24 24 0 0 0 0 48c0 256.5 207.9 464 464 464a24 24 0 0 0 23.4-18.6l24-104a24.29 24.29 0 0 0-14.01-27.6z\"><\/path><\/svg>\t\t\t\t\t\t<\/span>\n\t\t\t\t\t\t\t\t\t\t<span class=\"elementor-icon-list-text\"> 0934110550<\/span>\n\t\t\t\t\t\t\t\t\t\t\t<\/a>\n\t\t\t\t\t\t\t\t\t<\/li>\n\t\t\t\t\t\t\t\t<li class=\"elementor-icon-list-item\">\n\t\t\t\t\t\t\t\t\t\t\t<a href=\"mailto:Theaicompany.info@gmail.com\">\n\n\t\t\t\t\t\t\t\t\t\t\t\t<span class=\"elementor-icon-list-icon\">\n\t\t\t\t\t\t\t<svg aria-hidden=\"true\" class=\"e-font-icon-svg e-fas-mail-bulk\" viewBox=\"0 0 576 512\" xmlns=\"http:\/\/www.w3.org\/2000\/svg\"><path d=\"M160 448c-25.6 0-51.2-22.4-64-32-64-44.8-83.2-60.8-96-70.4V480c0 17.67 14.33 32 32 32h256c17.67 0 32-14.33 32-32V345.6c-12.8 9.6-32 25.6-96 70.4-12.8 9.6-38.4 32-64 32zm128-192H32c-17.67 0-32 14.33-32 32v16c25.6 19.2 22.4 19.2 115.2 86.4 9.6 6.4 28.8 25.6 44.8 25.6s35.2-19.2 44.8-22.4c92.8-67.2 89.6-67.2 115.2-86.4V288c0-17.67-14.33-32-32-32zm256-96H224c-17.67 0-32 14.33-32 32v32h96c33.21 0 60.59 25.42 63.71 57.82l.29-.22V416h192c17.67 0 32-14.33 32-32V192c0-17.67-14.33-32-32-32zm-32 128h-64v-64h64v64zm-352-96c0-35.29 28.71-64 64-64h224V32c0-17.67-14.33-32-32-32H96C78.33 0 64 14.33 64 32v192h96v-32z\"><\/path><\/svg>\t\t\t\t\t\t<\/span>\n\t\t\t\t\t\t\t\t\t\t<span class=\"elementor-icon-list-text\">Theaicompany.info@gmail.com<\/span>\n\t\t\t\t\t\t\t\t\t\t\t<\/a>\n\t\t\t\t\t\t\t\t\t<\/li>\n\t\t\t\t\t\t<\/ul>\n\t\t\t\t\t\t<\/div>\n\t\t\t\t<\/div>\n\t\t\t\t<\/div>\n\t\t<div class=\"elementor-element elementor-element-d06812e e-con-full elementor-hidden-mobile e-flex e-con e-child\" data-id=\"d06812e\" data-element_type=\"container\">\n\t\t\t\t<\/div>\n\t\t<div class=\"elementor-element elementor-element-143cfdab e-con-full e-flex e-con e-child\" data-id=\"143cfdab\" data-element_type=\"container\">\n\t\t\t\t<div class=\"elementor-element elementor-element-48b5e9e0 elementor-widget elementor-widget-heading\" data-id=\"48b5e9e0\" data-element_type=\"widget\" data-widget_type=\"heading.default\">\n\t\t\t\t<div class=\"elementor-widget-container\">\n\t\t\t\t\t<h2 class=\"elementor-heading-title elementor-size-default\">M\u1ea1ng x\u00e3 h\u1ed9i<\/h2>\t\t\t\t<\/div>\n\t\t\t\t<\/div>\n\t\t<div class=\"elementor-element elementor-element-34478cf e-con-full e-flex e-con e-child\" data-id=\"34478cf\" data-element_type=\"container\">\n\t\t\t\t<div class=\"elementor-element elementor-element-4be85c3 elementor-shape-circle e-grid-align-left elementor-grid-0 elementor-widget elementor-widget-social-icons\" data-id=\"4be85c3\" data-element_type=\"widget\" data-widget_type=\"social-icons.default\">\n\t\t\t\t<div class=\"elementor-widget-container\">\n\t\t\t\t\t\t\t<div class=\"elementor-social-icons-wrapper elementor-grid\" role=\"list\">\n\t\t\t\t\t\t\t<span class=\"elementor-grid-item\" role=\"listitem\">\n\t\t\t\t\t<a class=\"elementor-icon elementor-social-icon elementor-social-icon-facebook elementor-repeater-item-006266a\" href=\"https:\/\/www.facebook.com\/share\/1Z8PeFHAC6\/?mibextid=wwXIfr\" target=\"_blank\">\n\t\t\t\t\t\t<span class=\"elementor-screen-only\">Facebook<\/span>\n\t\t\t\t\t\t<svg aria-hidden=\"true\" class=\"e-font-icon-svg e-fab-facebook\" viewBox=\"0 0 512 512\" xmlns=\"http:\/\/www.w3.org\/2000\/svg\"><path d=\"M504 256C504 119 393 8 256 8S8 119 8 256c0 123.78 90.69 226.38 209.25 245V327.69h-63V256h63v-54.64c0-62.15 37-96.48 93.67-96.48 27.14 0 55.52 4.84 55.52 4.84v61h-31.28c-30.8 0-40.41 19.12-40.41 38.73V256h68.78l-11 71.69h-57.78V501C413.31 482.38 504 379.78 504 256z\"><\/path><\/svg>\t\t\t\t\t<\/a>\n\t\t\t\t<\/span>\n\t\t\t\t\t\t\t<span class=\"elementor-grid-item\" role=\"listitem\">\n\t\t\t\t\t<a class=\"elementor-icon elementor-social-icon elementor-social-icon-tiktok elementor-repeater-item-80ddde1\" href=\"https:\/\/www.tiktok.com\/@the.ai.official?_t=ZS-8zKl2omsnY5&#038;_r=1\" target=\"_blank\">\n\t\t\t\t\t\t<span class=\"elementor-screen-only\">Tiktok<\/span>\n\t\t\t\t\t\t<svg aria-hidden=\"true\" class=\"e-font-icon-svg e-fab-tiktok\" viewBox=\"0 0 448 512\" xmlns=\"http:\/\/www.w3.org\/2000\/svg\"><path d=\"M448,209.91a210.06,210.06,0,0,1-122.77-39.25V349.38A162.55,162.55,0,1,1,185,188.31V278.2a74.62,74.62,0,1,0,52.23,71.18V0l88,0a121.18,121.18,0,0,0,1.86,22.17h0A122.18,122.18,0,0,0,381,102.39a121.43,121.43,0,0,0,67,20.14Z\"><\/path><\/svg>\t\t\t\t\t<\/a>\n\t\t\t\t<\/span>\n\t\t\t\t\t<\/div>\n\t\t\t\t\t\t<\/div>\n\t\t\t\t<\/div>\n\t\t\t\t<div class=\"elementor-element elementor-element-813d69f elementor-widget elementor-widget-image\" data-id=\"813d69f\" data-element_type=\"widget\" data-widget_type=\"image.default\">\n\t\t\t\t<div class=\"elementor-widget-container\">\n\t\t\t\t\t\t\t\t\t\t\t\t\t\t\t\t<a href=\"https:\/\/zalo.me\/0868074353\">\n\t\t\t\t\t\t\t<img decoding=\"async\" width=\"97\" height=\"98\" src=\"https:\/\/theai.vn\/wp-content\/uploads\/2025\/08\/zalo-the-ai.jpg\" class=\"attachment-large size-large wp-image-1272\" alt=\"\" \/>\t\t\t\t\t\t\t\t<\/a>\n\t\t\t\t\t\t\t\t\t\t\t\t\t\t\t<\/div>\n\t\t\t\t<\/div>\n\t\t\t\t<\/div>\n\t\t\t\t<\/div>\n\t\t\t\t<\/div>\n\t\t\t\t\t<\/div>\n\t\t\t\t<\/div>\n\t\t\t\t<\/div>\n\t\t","protected":false},"excerpt":{"rendered":"<p>Th\u00f4ng tin li\u00ean h\u1ec7 THE AI hu\u031b\u01a1\u0301ng t\u01a1\u0301i tr\u01a1\u0309 tha\u0300nh m\u1ecd\u0302t trong nh\u01b0\u0303ng \u0111o\u031bn vi\u0323 tu\u031b v\u00e2\u0301n va\u0300 pha\u0302n ph\u00f4\u0301i b\u00e2\u0301t \u0111\u1ecd\u0302ng sa\u0309n ha\u0300ng \u0111\u00e2\u0300u ta\u0323i Vi\u1eb9\u0302t Nam. G\u1eedi tin nh\u1eafn li\u00ean h\u1ec7 \u0110\u1ed9i ng\u0169 chuy\u00ean gia s\u1eb5n s\u00e0ng h\u1ed7 tr\u1ee3 b\u1ea1n 24\/7. Tr\u1ee5 s\u1edf 37 \u0111\u01b0\u1eddng 12, Ph\u01b0\u1eddng B\u00ecnh Tr\u01b0ng, Th\u00e0nh ph\u1ed1 H\u1ed3 Ch\u00ed [&hellip;]<\/p>\n","protected":false},"author":1,"featured_media":1503,"parent":0,"menu_order":0,"comment_status":"closed","ping_status":"closed","template":"elementor_header_footer","meta":{"footnotes":""},"class_list":["post-764","page","type-page","status-publish","has-post-thumbnail","hentry"],"yoast_head":"<!-- This site is optimized with the Yoast SEO plugin v26.6 - https:\/\/yoast.com\/wordpress\/plugins\/seo\/ -->\n<title>Li\u00ean h\u1ec7 - The Ai<\/title>\n<meta name=\"description\" content=\"Li\u00ean h\u1ec7 THE AI \u0111\u1ec3 \u0111\u01b0\u1ee3c t\u01b0 v\u1ea5n v\u00e0 h\u1ee3p t\u00e1c. Ch\u00fang t\u00f4i lu\u00f4n s\u1eb5n s\u00e0ng k\u1ebft n\u1ed1i qua \u0111i\u1ec7n tho\u1ea1i, email ho\u1eb7c v\u0103n ph\u00f2ng l\u00e0m vi\u1ec7c t\u1ea1i Vi\u1ec7t Nam.\" \/>\n<meta name=\"robots\" content=\"index, follow, max-snippet:-1, max-image-preview:large, max-video-preview:-1\" \/>\n<link rel=\"canonical\" href=\"https:\/\/theai.vn\/vi\/lien-he\/\" \/>\n<meta property=\"og:locale\" content=\"vi_VN\" \/>\n<meta property=\"og:type\" content=\"article\" \/>\n<meta property=\"og:title\" content=\"Li\u00ean h\u1ec7 - The Ai\" \/>\n<meta property=\"og:description\" content=\"Li\u00ean h\u1ec7 THE AI \u0111\u1ec3 \u0111\u01b0\u1ee3c t\u01b0 v\u1ea5n v\u00e0 h\u1ee3p t\u00e1c. Ch\u00fang t\u00f4i lu\u00f4n s\u1eb5n s\u00e0ng k\u1ebft n\u1ed1i qua \u0111i\u1ec7n tho\u1ea1i, email ho\u1eb7c v\u0103n ph\u00f2ng l\u00e0m vi\u1ec7c t\u1ea1i Vi\u1ec7t Nam.\" \/>\n<meta property=\"og:url\" content=\"https:\/\/theai.vn\/vi\/lien-he\/\" \/>\n<meta property=\"og:site_name\" content=\"The Ai\" \/>\n<meta property=\"article:modified_time\" content=\"2025-09-12T04:10:28+00:00\" \/>\n<meta property=\"og:image\" content=\"https:\/\/theai.vn\/wp-content\/uploads\/2025\/09\/the-ai-banner.jpg\" \/>\n\t<meta property=\"og:image:width\" content=\"1000\" \/>\n\t<meta property=\"og:image:height\" content=\"563\" \/>\n\t<meta property=\"og:image:type\" content=\"image\/jpeg\" \/>\n<meta name=\"twitter:card\" content=\"summary_large_image\" \/>\n<meta name=\"twitter:label1\" content=\"\u01af\u1edbc t\u00ednh th\u1eddi gian \u0111\u1ecdc\" \/>\n\t<meta name=\"twitter:data1\" content=\"1 ph\u00fat\" \/>\n<script type=\"application\/ld+json\" class=\"yoast-schema-graph\">{\"@context\":\"https:\/\/schema.org\",\"@graph\":[{\"@type\":\"WebPage\",\"@id\":\"https:\/\/theai.vn\/lien-he\/\",\"url\":\"https:\/\/theai.vn\/lien-he\/\",\"name\":\"Li\u00ean h\u1ec7 - The Ai\",\"isPartOf\":{\"@id\":\"https:\/\/theai.vn\/#website\"},\"primaryImageOfPage\":{\"@id\":\"https:\/\/theai.vn\/lien-he\/#primaryimage\"},\"image\":{\"@id\":\"https:\/\/theai.vn\/lien-he\/#primaryimage\"},\"thumbnailUrl\":\"https:\/\/theai.vn\/wp-content\/uploads\/2025\/09\/the-ai-banner.jpg\",\"datePublished\":\"2025-08-28T03:00:15+00:00\",\"dateModified\":\"2025-09-12T04:10:28+00:00\",\"description\":\"Li\u00ean h\u1ec7 THE AI \u0111\u1ec3 \u0111\u01b0\u1ee3c t\u01b0 v\u1ea5n v\u00e0 h\u1ee3p t\u00e1c. Ch\u00fang t\u00f4i lu\u00f4n s\u1eb5n s\u00e0ng k\u1ebft n\u1ed1i qua \u0111i\u1ec7n tho\u1ea1i, email ho\u1eb7c v\u0103n ph\u00f2ng l\u00e0m vi\u1ec7c t\u1ea1i Vi\u1ec7t Nam.\",\"breadcrumb\":{\"@id\":\"https:\/\/theai.vn\/lien-he\/#breadcrumb\"},\"inLanguage\":\"vi\",\"potentialAction\":[{\"@type\":\"ReadAction\",\"target\":[\"https:\/\/theai.vn\/lien-he\/\"]}]},{\"@type\":\"ImageObject\",\"inLanguage\":\"vi\",\"@id\":\"https:\/\/theai.vn\/lien-he\/#primaryimage\",\"url\":\"https:\/\/theai.vn\/wp-content\/uploads\/2025\/09\/the-ai-banner.jpg\",\"contentUrl\":\"https:\/\/theai.vn\/wp-content\/uploads\/2025\/09\/the-ai-banner.jpg\",\"width\":1000,\"height\":563},{\"@type\":\"BreadcrumbList\",\"@id\":\"https:\/\/theai.vn\/lien-he\/#breadcrumb\",\"itemListElement\":[{\"@type\":\"ListItem\",\"position\":1,\"name\":\"Home\",\"item\":\"https:\/\/theai.vn\/vi\/\"},{\"@type\":\"ListItem\",\"position\":2,\"name\":\"Li\u00ean h\u1ec7\"}]},{\"@type\":\"WebSite\",\"@id\":\"https:\/\/theai.vn\/#website\",\"url\":\"https:\/\/theai.vn\/\",\"name\":\"The Ai\",\"description\":\"\",\"potentialAction\":[{\"@type\":\"SearchAction\",\"target\":{\"@type\":\"EntryPoint\",\"urlTemplate\":\"https:\/\/theai.vn\/?s={search_term_string}\"},\"query-input\":{\"@type\":\"PropertyValueSpecification\",\"valueRequired\":true,\"valueName\":\"search_term_string\"}}],\"inLanguage\":\"vi\"}]}<\/script>\n<!-- \/ Yoast SEO plugin. -->","yoast_head_json":{"title":"Li\u00ean h\u1ec7 - The Ai","description":"Li\u00ean h\u1ec7 THE AI \u0111\u1ec3 \u0111\u01b0\u1ee3c t\u01b0 v\u1ea5n v\u00e0 h\u1ee3p t\u00e1c. Ch\u00fang t\u00f4i lu\u00f4n s\u1eb5n s\u00e0ng k\u1ebft n\u1ed1i qua \u0111i\u1ec7n tho\u1ea1i, email ho\u1eb7c v\u0103n ph\u00f2ng l\u00e0m vi\u1ec7c t\u1ea1i Vi\u1ec7t Nam.","robots":{"index":"index","follow":"follow","max-snippet":"max-snippet:-1","max-image-preview":"max-image-preview:large","max-video-preview":"max-video-preview:-1"},"canonical":"https:\/\/theai.vn\/vi\/lien-he\/","og_locale":"vi_VN","og_type":"article","og_title":"Li\u00ean h\u1ec7 - The Ai","og_description":"Li\u00ean h\u1ec7 THE AI \u0111\u1ec3 \u0111\u01b0\u1ee3c t\u01b0 v\u1ea5n v\u00e0 h\u1ee3p t\u00e1c. Ch\u00fang t\u00f4i lu\u00f4n s\u1eb5n s\u00e0ng k\u1ebft n\u1ed1i qua \u0111i\u1ec7n tho\u1ea1i, email ho\u1eb7c v\u0103n ph\u00f2ng l\u00e0m vi\u1ec7c t\u1ea1i Vi\u1ec7t Nam.","og_url":"https:\/\/theai.vn\/vi\/lien-he\/","og_site_name":"The Ai","article_modified_time":"2025-09-12T04:10:28+00:00","og_image":[{"width":1000,"height":563,"url":"https:\/\/theai.vn\/wp-content\/uploads\/2025\/09\/the-ai-banner.jpg","type":"image\/jpeg"}],"twitter_card":"summary_large_image","twitter_misc":{"\u01af\u1edbc t\u00ednh th\u1eddi gian \u0111\u1ecdc":"1 ph\u00fat"},"schema":{"@context":"https:\/\/schema.org","@graph":[{"@type":"WebPage","@id":"https:\/\/theai.vn\/lien-he\/","url":"https:\/\/theai.vn\/lien-he\/","name":"Li\u00ean h\u1ec7 - The Ai","isPartOf":{"@id":"https:\/\/theai.vn\/#website"},"primaryImageOfPage":{"@id":"https:\/\/theai.vn\/lien-he\/#primaryimage"},"image":{"@id":"https:\/\/theai.vn\/lien-he\/#primaryimage"},"thumbnailUrl":"https:\/\/theai.vn\/wp-content\/uploads\/2025\/09\/the-ai-banner.jpg","datePublished":"2025-08-28T03:00:15+00:00","dateModified":"2025-09-12T04:10:28+00:00","description":"Li\u00ean h\u1ec7 THE AI \u0111\u1ec3 \u0111\u01b0\u1ee3c t\u01b0 v\u1ea5n v\u00e0 h\u1ee3p t\u00e1c. Ch\u00fang t\u00f4i lu\u00f4n s\u1eb5n s\u00e0ng k\u1ebft n\u1ed1i qua \u0111i\u1ec7n tho\u1ea1i, email ho\u1eb7c v\u0103n ph\u00f2ng l\u00e0m vi\u1ec7c t\u1ea1i Vi\u1ec7t Nam.","breadcrumb":{"@id":"https:\/\/theai.vn\/lien-he\/#breadcrumb"},"inLanguage":"vi","potentialAction":[{"@type":"ReadAction","target":["https:\/\/theai.vn\/lien-he\/"]}]},{"@type":"ImageObject","inLanguage":"vi","@id":"https:\/\/theai.vn\/lien-he\/#primaryimage","url":"https:\/\/theai.vn\/wp-content\/uploads\/2025\/09\/the-ai-banner.jpg","contentUrl":"https:\/\/theai.vn\/wp-content\/uploads\/2025\/09\/the-ai-banner.jpg","width":1000,"height":563},{"@type":"BreadcrumbList","@id":"https:\/\/theai.vn\/lien-he\/#breadcrumb","itemListElement":[{"@type":"ListItem","position":1,"name":"Home","item":"https:\/\/theai.vn\/vi\/"},{"@type":"ListItem","position":2,"name":"Li\u00ean h\u1ec7"}]},{"@type":"WebSite","@id":"https:\/\/theai.vn\/#website","url":"https:\/\/theai.vn\/","name":"The Ai","description":"","potentialAction":[{"@type":"SearchAction","target":{"@type":"EntryPoint","urlTemplate":"https:\/\/theai.vn\/?s={search_term_string}"},"query-input":{"@type":"PropertyValueSpecification","valueRequired":true,"valueName":"search_term_string"}}],"inLanguage":"vi"}]}},"_links":{"self":[{"href":"https:\/\/theai.vn\/vi\/wp-json\/wp\/v2\/pages\/764","targetHints":{"allow":["GET"]}}],"collection":[{"href":"https:\/\/theai.vn\/vi\/wp-json\/wp\/v2\/pages"}],"about":[{"href":"https:\/\/theai.vn\/vi\/wp-json\/wp\/v2\/types\/page"}],"author":[{"embeddable":true,"href":"https:\/\/theai.vn\/vi\/wp-json\/wp\/v2\/users\/1"}],"replies":[{"embeddable":true,"href":"https:\/\/theai.vn\/vi\/wp-json\/wp\/v2\/comments?post=764"}],"version-history":[{"count":80,"href":"https:\/\/theai.vn\/vi\/wp-json\/wp\/v2\/pages\/764\/revisions"}],"predecessor-version":[{"id":1594,"href":"https:\/\/theai.vn\/vi\/wp-json\/wp\/v2\/pages\/764\/revisions\/1594"}],"wp:featuredmedia":[{"embeddable":true,"href":"https:\/\/theai.vn\/vi\/wp-json\/wp\/v2\/media\/1503"}],"wp:attachment":[{"href":"https:\/\/theai.vn\/vi\/wp-json\/wp\/v2\/media?parent=764"}],"curies":[{"name":"wp","href":"https:\/\/api.w.org\/{rel}","templated":true}]}}